{"id":3647,"date":"2016-02-24T17:39:56","date_gmt":"2016-02-24T16:39:56","guid":{"rendered":"http:\/\/se.ostberg.com\/en\/?page_id=3647"},"modified":"2017-02-23T11:09:40","modified_gmt":"2017-02-23T10:09:40","slug":"references","status":"publish","type":"page","link":"https:\/\/se.ostberg.com\/en\/our-solutions\/public-and-industrial-environments\/references\/","title":{"rendered":"References"},"content":{"rendered":"<p><div class=\"fusion-fullwidth fullwidth-box fusion-builder-row-1 hundred-percent-fullwidth non-hundred-percent-height-scrolling\" style=\"background-color: rgba(255,255,255,0);background-position: center center;background-repeat: no-repeat;padding-top:0px;padding-right:0px;padding-bottom:0px;padding-left:0px;margin-bottom: 0px;margin-top: 0px;border-width: 0px 0px 0px 0px;border-color:#eae9e9;border-style:solid;\" ><div class=\"fusion-builder-row fusion-row\"><div class=\"fusion-layout-column fusion_builder_column fusion-builder-column-0 fusion_builder_column_1_1 1_1 fusion-one-full fusion-column-first fusion-column-last fusion-column-no-min-height\" style=\"margin-top:0px;margin-bottom:0px;\"><div class=\"fusion-column-wrapper fusion-flex-column-wrapper-legacy\" style=\"background-position:left top;background-repeat:no-repeat;-webkit-background-size:cover;-moz-background-size:cover;-o-background-size:cover;background-size:cover;padding: 0px 0px 0px 0px;\"><div class=\"fusion-text fusion-text-1\"><h1>References<\/h1>\n<\/div><div class=\"fusion-clearfix\"><\/div><\/div><\/div><\/div><style type=\"text\/css\">.fusion-fullwidth.fusion-builder-row-1 { overflow:visible; }<\/style><\/div><div class=\"fusion-fullwidth fullwidth-box fusion-builder-row-2 hundred-percent-fullwidth non-hundred-percent-height-scrolling\" style=\"background-color: rgba(255,255,255,0);background-position: center center;background-repeat: no-repeat;padding-top:0px;padding-right:0px;padding-bottom:0px;padding-left:0px;margin-bottom: 0px;margin-top: 0px;border-width: 0px 0px 0px 0px;border-color:#eae9e9;border-style:solid;\" ><div class=\"fusion-builder-row fusion-row\"><div class=\"fusion-layout-column fusion_builder_column fusion-builder-column-1 fusion_builder_column_1_1 1_1 fusion-one-full fusion-column-first fusion-column-last fusion-column-no-min-height\" style=\"margin-top:0px;margin-bottom:0px;\"><div class=\"fusion-column-wrapper fusion-flex-column-wrapper-legacy\" style=\"background-position:left top;background-repeat:no-repeat;-webkit-background-size:cover;-moz-background-size:cover;-o-background-size:cover;background-size:cover;padding: 0px 0px 0px 0px;\"><style type=\"text\/css\">.fusion-portfolio-wrapper#fusion-portfolio-1 .fusion-portfolio-content{  text-align: left; }<\/style><div class=\"fusion-recent-works fusion-portfolio-element fusion-portfolio fusion-portfolio-1 fusion-portfolio-grid fusion-portfolio-paging-pagination fusion-portfolio-two fusion-portfolio-unboxed fusion-portfolio-text fusion-portfolio-rollover\" data-id=\"-rw-1\" data-columns=\"two\"><style type=\"text\/css\">.fusion-portfolio-1 .fusion-portfolio-wrapper .fusion-col-spacing{padding:6px;}<\/style><div class=\"fusion-portfolio-wrapper\" id=\"fusion-portfolio-1\" data-picturesize=\"fixed\" data-pages=\"1\" style=\"margin:-6px;\"><article id=\"portfolio-1-post-10465\" class=\"fusion-portfolio-post heru-select-series-en fusion-col-spacing post-10465\"><div class=\"fusion-portfolio-content-wrapper\" style=\"border:none;\"><span class=\"vcard rich-snippet-hidden\"><span class=\"fn\"><a href=\"https:\/\/se.ostberg.com\/en\/author\/admanv\/\" title=\"Posts by \u00d6stberg\" rel=\"author\">\u00d6stberg<\/a><\/span><\/span><span class=\"updated rich-snippet-hidden\">2024-02-28T13:20:55+01:00<\/span><div  class=\"fusion-image-wrapper fusion-image-size-fixed\" aria-haspopup=\"true\">\n\t\t\t\t<img decoding=\"async\" width=\"460\" height=\"295\" src=\"https:\/\/se.ostberg.com\/wp-content\/uploads\/sites\/4\/2023\/12\/BAR_einstiegsseite_headerbild-460x295.jpg\" class=\"attachment-portfolio-two size-portfolio-two wp-post-image\" alt=\"\" \/><div class=\"fusion-rollover\">\n\t<div class=\"fusion-rollover-content\">\n\n\t\t\t\t\t\t\t\t\t\t\t\t\t\t<a class=\"fusion-rollover-link\" href=\"https:\/\/se.ostberg.com\/en\/portfolio-items\/project-barau\/\">Project B\u00e4rau<\/a>\n\t\t\t\n\t\t\t\t\t\t\t\t\t\t\t\t\t\t\n\t\t\t\t\t\t\t\t\n\t\t\t\t\t\t\t\t\t\t\t\t\t<div class=\"fusion-rollover-sep\"><\/div>\n\t\t\t\t\n\t\t\t\t\t\t\t\t\t\t\t\t\t\t\t\t\t\t<a class=\"fusion-rollover-gallery\" href=\"https:\/\/se.ostberg.com\/wp-content\/uploads\/sites\/4\/2023\/12\/BAR_einstiegsseite_headerbild.jpg\" data-id=\"10465\" data-rel=\"iLightbox[gallery-rw-1]\" data-title=\"BAR_einstiegsseite_headerbild\" data-caption=\"\">\n\t\t\t\t\t\tGallery\t\t\t\t\t<\/a>\n\t\t\t\t\t\t\t\t\t\t\t\t\t\t\n\t\t\n\t\t\t\t\t\t\t\t\t\t\t\t<h4 class=\"fusion-rollover-title\">\n\t\t\t\t\t<a class=\"fusion-rollover-title-link\" href=\"https:\/\/se.ostberg.com\/en\/portfolio-items\/project-barau\/\">\n\t\t\t\t\t\tProject B\u00e4rau\t\t\t\t\t<\/a>\n\t\t\t\t<\/h4>\n\t\t\t\n\t\t\t\t\t\t\t\t\t\t<div class=\"fusion-rollover-categories\"><a href=\"https:\/\/se.ostberg.com\/en\/portfolio_category\/heru-select-series-en\/\" rel=\"tag\">HERU Select Series<\/a><\/div>\t\t\t\t\t\n\t\t\n\t\t\t\t\t\t<a class=\"fusion-link-wrapper\" href=\"https:\/\/se.ostberg.com\/en\/portfolio-items\/project-barau\/\" aria-label=\"Project B\u00e4rau\"><\/a>\n\t<\/div>\n<\/div>\n<\/div>\n<div class=\"fusion-portfolio-content\"><h2 class=\"entry-title fusion-post-title\"><a href=\"https:\/\/se.ostberg.com\/en\/portfolio-items\/project-barau\/\">Project B\u00e4rau<\/a><\/h2><div class=\"fusion-portfolio-meta\"><a href=\"https:\/\/se.ostberg.com\/en\/portfolio_category\/heru-select-series-en\/\" rel=\"tag\">HERU Select Series<\/a><\/div><div class=\"fusion-post-content\"><p>  Reference project Your Content Goes Here    COUNTRY  Holland CUSTOMER  Stiftung Lebensart SEGMENT  Bostadshus INSTALLER Bonotec AG YEAR 2023  VENTILATED SPACE  4 byggnader \/ 51 l\u00e4genheter PRODUCT  HERU SELECT 1000 Read more about the project Read more about the HERU SELECT SERIES    [...]<\/p><\/div><\/div><\/div><\/article><article id=\"portfolio-1-post-3932\" class=\"fusion-portfolio-post fusion-col-spacing post-3932\"><div class=\"fusion-portfolio-content-wrapper\" style=\"border:none;\"><span class=\"vcard rich-snippet-hidden\"><span class=\"fn\"><a href=\"https:\/\/se.ostberg.com\/en\/author\/admanv\/\" title=\"Posts by \u00d6stberg\" rel=\"author\">\u00d6stberg<\/a><\/span><\/span><span class=\"updated rich-snippet-hidden\">2016-12-22T09:06:12+01:00<\/span><div  class=\"fusion-image-wrapper fusion-image-size-fixed\" aria-haspopup=\"true\">\n\t\t\t\t<img decoding=\"async\" width=\"460\" height=\"295\" src=\"https:\/\/se.ostberg.com\/wp-content\/uploads\/sites\/4\/2015\/11\/swedbank-1-460x295.jpg\" class=\"attachment-portfolio-two size-portfolio-two wp-post-image\" alt=\"\" \/><div class=\"fusion-rollover\">\n\t<div class=\"fusion-rollover-content\">\n\n\t\t\t\t\n\t\t\n\t\t\t\t\t\t\t\t\t\t\t\t<h4 class=\"fusion-rollover-title\">\n\t\t\t\t\t<a class=\"fusion-rollover-title-link\" href=\"https:\/\/se.ostberg.com\/en\/portfolio-items\/swedbank-huvudkontor-kvarteret-cirkusangen-i-sundbyberg\/\">\n\t\t\t\t\t\tSwedbank head office, Cirkus\u00e4ngen quarter in Sundbyberg\t\t\t\t\t<\/a>\n\t\t\t\t<\/h4>\n\t\t\t\n\t\t\t\t\t\t\t\t\t\t\t\t\t\t\t\n\t\t\n\t\t\t\t\t\t<a class=\"fusion-link-wrapper\" href=\"https:\/\/se.ostberg.com\/en\/portfolio-items\/swedbank-huvudkontor-kvarteret-cirkusangen-i-sundbyberg\/\" aria-label=\"Swedbank head office, Cirkus\u00e4ngen quarter in Sundbyberg\"><\/a>\n\t<\/div>\n<\/div>\n<\/div>\n<div class=\"fusion-portfolio-content\"><h2 class=\"entry-title fusion-post-title\"><a href=\"https:\/\/se.ostberg.com\/en\/portfolio-items\/swedbank-huvudkontor-kvarteret-cirkusangen-i-sundbyberg\/\">Swedbank head office, Cirkus\u00e4ngen quarter in Sundbyberg<\/a><\/h2><div class=\"fusion-post-content\"><p>In spring 2014, Swedbank moved its head office into a new property in Sundbyberg. A good, adapted interior climate in the giant (44,000 m2) building was assured by a total of twelve ventilation units from \u00d6stberg.<\/p><\/div><\/div><\/div><\/article><article id=\"portfolio-1-post-3930\" class=\"fusion-portfolio-post fusion-col-spacing post-3930\"><div class=\"fusion-portfolio-content-wrapper\" style=\"border:none;\"><span class=\"vcard rich-snippet-hidden\"><span class=\"fn\"><a href=\"https:\/\/se.ostberg.com\/en\/author\/admanv\/\" title=\"Posts by \u00d6stberg\" rel=\"author\">\u00d6stberg<\/a><\/span><\/span><span class=\"updated rich-snippet-hidden\">2016-12-22T09:06:12+01:00<\/span><div  class=\"fusion-image-wrapper fusion-image-size-fixed\" aria-haspopup=\"true\">\n\t\t\t\t<img decoding=\"async\" width=\"460\" height=\"295\" src=\"https:\/\/se.ostberg.com\/wp-content\/uploads\/sites\/4\/2015\/11\/Malmo_live-460x295.jpg\" class=\"attachment-portfolio-two size-portfolio-two wp-post-image\" alt=\"\" \/><div class=\"fusion-rollover\">\n\t<div class=\"fusion-rollover-content\">\n\n\t\t\t\t\n\t\t\n\t\t\t\t\t\t\t\t\t\t\t\t<h4 class=\"fusion-rollover-title\">\n\t\t\t\t\t<a class=\"fusion-rollover-title-link\" href=\"https:\/\/se.ostberg.com\/en\/portfolio-items\/malmo-live-langan-quarter-malmo\/\">\n\t\t\t\t\t\tMalm\u00f6 Live, L\u00e5ngan quarter, Malm\u00f6\t\t\t\t\t<\/a>\n\t\t\t\t<\/h4>\n\t\t\t\n\t\t\t\t\t\t\t\t\t\t\t\t\t\t\t\n\t\t\n\t\t\t\t\t\t<a class=\"fusion-link-wrapper\" href=\"https:\/\/se.ostberg.com\/en\/portfolio-items\/malmo-live-langan-quarter-malmo\/\" aria-label=\"Malm\u00f6 Live, L\u00e5ngan quarter, Malm\u00f6\"><\/a>\n\t<\/div>\n<\/div>\n<\/div>\n<div class=\"fusion-portfolio-content\"><h2 class=\"entry-title fusion-post-title\"><a href=\"https:\/\/se.ostberg.com\/en\/portfolio-items\/malmo-live-langan-quarter-malmo\/\">Malm\u00f6 Live, L\u00e5ngan quarter, Malm\u00f6<\/a><\/h2><div class=\"fusion-post-content\"><p>Malm\u00f6 Live is a new landmark in the city. The building, which was officially opened in 2015, is a concert venue, congress facility and hotel in one. For the office section, which stretches over 12,000 m2, \u00d6stberg has delivered a ventilation system that lives up to the most stringent environmental requirements.<\/p><\/div><\/div><\/div><\/article><article id=\"portfolio-1-post-3928\" class=\"fusion-portfolio-post fusion-col-spacing post-3928\"><div class=\"fusion-portfolio-content-wrapper\" style=\"border:none;\"><span class=\"vcard rich-snippet-hidden\"><span class=\"fn\"><a href=\"https:\/\/se.ostberg.com\/en\/author\/admanv\/\" title=\"Posts by \u00d6stberg\" rel=\"author\">\u00d6stberg<\/a><\/span><\/span><span class=\"updated rich-snippet-hidden\">2016-12-22T09:06:12+01:00<\/span><div  class=\"fusion-image-wrapper fusion-image-size-fixed\" aria-haspopup=\"true\">\n\t\t\t\t<img decoding=\"async\" width=\"460\" height=\"295\" src=\"https:\/\/se.ostberg.com\/wp-content\/uploads\/sites\/4\/2016\/01\/flygfaltets-460x295.jpg\" class=\"attachment-portfolio-two size-portfolio-two wp-post-image\" alt=\"\" \/><div class=\"fusion-rollover\">\n\t<div class=\"fusion-rollover-content\">\n\n\t\t\t\t\n\t\t\n\t\t\t\t\t\t\t\t\t\t\t\t<h4 class=\"fusion-rollover-title\">\n\t\t\t\t\t<a class=\"fusion-rollover-title-link\" href=\"https:\/\/se.ostberg.com\/en\/portfolio-items\/flygfaltets-handelsomrade-norrtalje\/\">\n\t\t\t\t\t\tFlygf\u00e4ltets handelsomr\u00e5de, Norrt\u00e4lje\t\t\t\t\t<\/a>\n\t\t\t\t<\/h4>\n\t\t\t\n\t\t\t\t\t\t\t\t\t\t\t\t\t\t\t\n\t\t\n\t\t\t\t\t\t<a class=\"fusion-link-wrapper\" href=\"https:\/\/se.ostberg.com\/en\/portfolio-items\/flygfaltets-handelsomrade-norrtalje\/\" aria-label=\"Flygf\u00e4ltets handelsomr\u00e5de, Norrt\u00e4lje\"><\/a>\n\t<\/div>\n<\/div>\n<\/div>\n<div class=\"fusion-portfolio-content\"><h2 class=\"entry-title fusion-post-title\"><a href=\"https:\/\/se.ostberg.com\/en\/portfolio-items\/flygfaltets-handelsomrade-norrtalje\/\">Flygf\u00e4ltets handelsomr\u00e5de, Norrt\u00e4lje<\/a><\/h2><div class=\"fusion-post-content\"><p>The biggest new shopping mall in Norrt\u00e4lje \u2013 Flygf\u00e4ltets handelsomr\u00e5de \u2013 was opened in June 2012, featuring 13 different shops jointly covering 9,200 m2 of floor space. Staff and customers enjoy a top-quality indoor climate thanks to a ventilation system from \u00d6stberg.<\/p><\/div><\/div><\/div><\/article><article id=\"portfolio-1-post-3926\" class=\"fusion-portfolio-post fusion-col-spacing post-3926\"><div class=\"fusion-portfolio-content-wrapper\" style=\"border:none;\"><span class=\"vcard rich-snippet-hidden\"><span class=\"fn\"><a href=\"https:\/\/se.ostberg.com\/en\/author\/admanv\/\" title=\"Posts by \u00d6stberg\" rel=\"author\">\u00d6stberg<\/a><\/span><\/span><span class=\"updated rich-snippet-hidden\">2016-12-22T09:06:12+01:00<\/span><div  class=\"fusion-image-wrapper fusion-image-size-fixed\" aria-haspopup=\"true\">\n\t\t\t\t<img decoding=\"async\" width=\"460\" height=\"295\" src=\"https:\/\/se.ostberg.com\/wp-content\/uploads\/sites\/4\/2016\/01\/Aspn\u00e4s-1-460x295.jpg\" class=\"attachment-portfolio-two size-portfolio-two wp-post-image\" alt=\"\" \/><div class=\"fusion-rollover\">\n\t<div class=\"fusion-rollover-content\">\n\n\t\t\t\t\n\t\t\n\t\t\t\t\t\t\t\t\t\t\t\t<h4 class=\"fusion-rollover-title\">\n\t\t\t\t\t<a class=\"fusion-rollover-title-link\" href=\"https:\/\/se.ostberg.com\/en\/portfolio-items\/aspnas-housing-association-jarfalla\/\">\n\t\t\t\t\t\tAspn\u00e4s Housing Association, J\u00e4rf\u00e4lla\t\t\t\t\t<\/a>\n\t\t\t\t<\/h4>\n\t\t\t\n\t\t\t\t\t\t\t\t\t\t\t\t\t\t\t\n\t\t\n\t\t\t\t\t\t<a class=\"fusion-link-wrapper\" href=\"https:\/\/se.ostberg.com\/en\/portfolio-items\/aspnas-housing-association-jarfalla\/\" aria-label=\"Aspn\u00e4s Housing Association, J\u00e4rf\u00e4lla\"><\/a>\n\t<\/div>\n<\/div>\n<\/div>\n<div class=\"fusion-portfolio-content\"><h2 class=\"entry-title fusion-post-title\"><a href=\"https:\/\/se.ostberg.com\/en\/portfolio-items\/aspnas-housing-association-jarfalla\/\">Aspn\u00e4s Housing Association, J\u00e4rf\u00e4lla<\/a><\/h2><div class=\"fusion-post-content\"><p>Brf Aspn\u00e4s is the biggest housing association in J\u00e4rf\u00e4lla, with 530 apartments in two buildings. The properties were built in 1970, and when the time came to replace the ventilation system, the decision was made to use modular units from \u00d6stberg.<\/p><\/div><\/div><\/div><\/article><article id=\"portfolio-1-post-3917\" class=\"fusion-portfolio-post fusion-col-spacing post-3917\"><div class=\"fusion-portfolio-content-wrapper\" style=\"border:none;\"><span class=\"vcard rich-snippet-hidden\"><span class=\"fn\"><a href=\"https:\/\/se.ostberg.com\/en\/author\/admanv\/\" title=\"Posts by \u00d6stberg\" rel=\"author\">\u00d6stberg<\/a><\/span><\/span><span class=\"updated rich-snippet-hidden\">2016-12-22T09:06:13+01:00<\/span><div  class=\"fusion-image-wrapper fusion-image-size-fixed\" aria-haspopup=\"true\">\n\t\t\t\t<img decoding=\"async\" width=\"460\" height=\"295\" src=\"https:\/\/se.ostberg.com\/wp-content\/uploads\/sites\/4\/2016\/01\/Ikano-460x295.jpg\" class=\"attachment-portfolio-two size-portfolio-two wp-post-image\" alt=\"\" \/><div class=\"fusion-rollover\">\n\t<div class=\"fusion-rollover-content\">\n\n\t\t\t\t\n\t\t\n\t\t\t\t\t\t\t\t\t\t\t\t<h4 class=\"fusion-rollover-title\">\n\t\t\t\t\t<a class=\"fusion-rollover-title-link\" href=\"https:\/\/se.ostberg.com\/en\/portfolio-items\/ikea-matkus-kuopio-finland\/\">\n\t\t\t\t\t\tIKEA, Matkus Kuopio, Finland.\t\t\t\t\t<\/a>\n\t\t\t\t<\/h4>\n\t\t\t\n\t\t\t\t\t\t\t\t\t\t\t\t\t\t\t\n\t\t\n\t\t\t\t\t\t<a class=\"fusion-link-wrapper\" href=\"https:\/\/se.ostberg.com\/en\/portfolio-items\/ikea-matkus-kuopio-finland\/\" aria-label=\"IKEA, Matkus Kuopio, Finland.\"><\/a>\n\t<\/div>\n<\/div>\n<\/div>\n<div class=\"fusion-portfolio-content\"><h2 class=\"entry-title fusion-post-title\"><a href=\"https:\/\/se.ostberg.com\/en\/portfolio-items\/ikea-matkus-kuopio-finland\/\">IKEA, Matkus Kuopio, Finland.<\/a><\/h2><div class=\"fusion-post-content\"><p>The IKEA megastore in Matkus, located just outside Kuopio in Finland, was officially opened on 1 November 2012. The store, which is located right next to Matkus Shopping Center, is IKEA\u2019s biggest outlet in Finland today, with fully 30,000 m2 of floor space. All visitors and employees enjoy an excellent indoor climate, thanks to 12 modular units from \u00d6stberg.<\/p><\/div><\/div><\/div><\/article><article id=\"portfolio-1-post-3915\" class=\"fusion-portfolio-post fusion-col-spacing post-3915\"><div class=\"fusion-portfolio-content-wrapper\" style=\"border:none;\"><span class=\"vcard rich-snippet-hidden\"><span class=\"fn\"><a href=\"https:\/\/se.ostberg.com\/en\/author\/admanv\/\" title=\"Posts by \u00d6stberg\" rel=\"author\">\u00d6stberg<\/a><\/span><\/span><span class=\"updated rich-snippet-hidden\">2016-12-22T09:06:13+01:00<\/span><div  class=\"fusion-image-wrapper fusion-image-size-fixed\" aria-haspopup=\"true\">\n\t\t\t\t<img decoding=\"async\" width=\"460\" height=\"295\" src=\"https:\/\/se.ostberg.com\/wp-content\/uploads\/sites\/4\/2016\/01\/tammerfors-460x295.jpg\" class=\"attachment-portfolio-two size-portfolio-two wp-post-image\" alt=\"\" \/><div class=\"fusion-rollover\">\n\t<div class=\"fusion-rollover-content\">\n\n\t\t\t\t\n\t\t\n\t\t\t\t\t\t\t\t\t\t\t\t<h4 class=\"fusion-rollover-title\">\n\t\t\t\t\t<a class=\"fusion-rollover-title-link\" href=\"https:\/\/se.ostberg.com\/en\/portfolio-items\/p-hamppi-car-park-tampere\/\" target=\"_blank\">\n\t\t\t\t\t\tP-H\u00e4mppi car park, Tampere\t\t\t\t\t<\/a>\n\t\t\t\t<\/h4>\n\t\t\t\n\t\t\t\t\t\t\t\t\t\t\t\t\t\t\t\n\t\t\n\t\t\t\t\t\t<a class=\"fusion-link-wrapper\" href=\"https:\/\/se.ostberg.com\/en\/portfolio-items\/p-hamppi-car-park-tampere\/\" target=\"_blank\" aria-label=\"P-H\u00e4mppi car park, Tampere\"><\/a>\n\t<\/div>\n<\/div>\n<\/div>\n<div class=\"fusion-portfolio-content\"><h2 class=\"entry-title fusion-post-title\"><a href=\"https:\/\/se.ostberg.com\/en\/portfolio-items\/p-hamppi-car-park-tampere\/\" target=\"_blank\" rel=\"noopener noreferrer\">P-H\u00e4mppi car park, Tampere<\/a><\/h2><div class=\"fusion-post-content\"><p>The P-H\u00e4mppi underground car park is located in the centre of Tampere, and its lively lighting makes it clear that this is not just another dull parking facility. Built in 2012, the car park was actually blasted out of the bedrock \u2013 and \u00d6stberg provided the ventilation units.<\/p><\/div><\/div><\/div><\/article><\/div><\/div><div class=\"fusion-clearfix\"><\/div><\/div><\/div><\/div><style type=\"text\/css\">.fusion-fullwidth.fusion-builder-row-2 { overflow:visible; }<\/style><\/div><\/p>\n","protected":false},"excerpt":{"rendered":"","protected":false},"author":1,"featured_media":0,"parent":3489,"menu_order":0,"comment_status":"closed","ping_status":"closed","template":"","meta":{"_bbp_topic_count":0,"_bbp_reply_count":0,"_bbp_total_topic_count":0,"_bbp_total_reply_count":0,"_bbp_voice_count":0,"_bbp_anonymous_reply_count":0,"_bbp_topic_count_hidden":0,"_bbp_reply_count_hidden":0,"_bbp_forum_subforum_count":0,"inline_featured_image":false,"footnotes":""},"class_list":["post-3647","page","type-page","status-publish","hentry"],"_links":{"self":[{"href":"https:\/\/se.ostberg.com\/en\/wp-json\/wp\/v2\/pages\/3647","targetHints":{"allow":["GET"]}}],"collection":[{"href":"https:\/\/se.ostberg.com\/en\/wp-json\/wp\/v2\/pages"}],"about":[{"href":"https:\/\/se.ostberg.com\/en\/wp-json\/wp\/v2\/types\/page"}],"author":[{"embeddable":true,"href":"https:\/\/se.ostberg.com\/en\/wp-json\/wp\/v2\/users\/1"}],"replies":[{"embeddable":true,"href":"https:\/\/se.ostberg.com\/en\/wp-json\/wp\/v2\/comments?post=3647"}],"version-history":[{"count":0,"href":"https:\/\/se.ostberg.com\/en\/wp-json\/wp\/v2\/pages\/3647\/revisions"}],"up":[{"embeddable":true,"href":"https:\/\/se.ostberg.com\/en\/wp-json\/wp\/v2\/pages\/3489"}],"wp:attachment":[{"href":"https:\/\/se.ostberg.com\/en\/wp-json\/wp\/v2\/media?parent=3647"}],"curies":[{"name":"wp","href":"https:\/\/api.w.org\/{rel}","templated":true}]}}